{"id":7,"date":"2017-08-15T17:41:38","date_gmt":"2017-08-15T15:41:38","guid":{"rendered":"http:\/\/atelierlibre.ovh\/?page_id=7"},"modified":"2022-05-10T23:37:21","modified_gmt":"2022-05-10T21:37:21","slug":"accueil","status":"publish","type":"page","link":"https:\/\/atelierlibre.ovh\/","title":{"rendered":"Accueil"},"content":{"rendered":"<p>Bonjour \u00e0 toutes et \u00e0 tous,<\/p>\n<p>Ce site me permet de montrer mon travail aux autres artistes et aux amateurs d&rsquo;art. Il est actuellement en cours de remodelage.<\/p>\n<div style=\"overflow: hidden; height: 1px;\"><a href=\"https:\/\/columbus-deluxe-777.com\/10-euro-bonus-ohne-einzahlung\/\">10 euro bonus ohne einzahlung casino<\/a><\/div>\n<p>Depuis 2018, je fr\u00e9quente l&rsquo;atelier d&rsquo;artistes <a href=\"http:\/\/alliancedesarts.blogspot.com\/\">\u00ab\u00a0l&rsquo;Alliance des Arts\u00a0\u00bb<\/a> de Nandy. On y pratique la peinture, la sculpture en argile et la poterie dans une excellente ambiance et r\u00e9guli\u00e8rement, avec des intervenants sp\u00e9cialis\u00e9s dans une technique particuli\u00e8re.<\/p>\n<p style=\"text-align: left;\">N&rsquo;h\u00e9sitez pas \u00e0 me contacter pour donner votre avis sur les \u0153uvres pr\u00e9sent\u00e9e<span style=\"font-size: revert;\">s. Ce sera pour moi une grande aide afin d&rsquo;am\u00e9liorer ma pratique<\/span><\/p>\n<div style=\"overflow: hidden; height: 1px;\"><a href=\"https:\/\/lucky-ladys-charm-777.com\/spielautomaten\/\">Kostenlose Automatenspiele<\/a><\/div>\n<p>Merci \u00e0 vous.<\/p>\n\n\n<p><\/p>\n","protected":false},"excerpt":{"rendered":"<p>Bonjour \u00e0 toutes et \u00e0 tous, Ce site me permet de montrer mon travail aux autres artistes et aux amateurs d&rsquo;art. Il est actuellement en cours de remodelage. 10 euro bonus ohne einzahlung casino Depuis 2018, je fr\u00e9quente l&rsquo;atelier d&rsquo;artistes \u00ab\u00a0l&rsquo;Alliance des Arts\u00a0\u00bb de Nandy. On y pratique la peinture, la sculpture en argile et &hellip; <\/p>\n<p class=\"link-more\"><a href=\"https:\/\/atelierlibre.ovh\/\" class=\"more-link\">Continuer la lecture<span class=\"screen-reader-text\"> de &laquo;&nbsp;Accueil&nbsp;&raquo;<\/span><\/a><\/p>\n","protected":false},"author":1,"featured_media":0,"parent":0,"menu_order":0,"comment_status":"closed","ping_status":"closed","template":"","meta":{"_bbp_topic_count":0,"_bbp_reply_count":0,"_bbp_total_topic_count":0,"_bbp_total_reply_count":0,"_bbp_voice_count":0,"_bbp_anonymous_reply_count":0,"_bbp_topic_count_hidden":0,"_bbp_reply_count_hidden":0,"_bbp_forum_subforum_count":0,"footnotes":""},"class_list":["post-7","page","type-page","status-publish","hentry"],"_links":{"self":[{"href":"https:\/\/atelierlibre.ovh\/index.php?rest_route=\/wp\/v2\/pages\/7","targetHints":{"allow":["GET"]}}],"collection":[{"href":"https:\/\/atelierlibre.ovh\/index.php?rest_route=\/wp\/v2\/pages"}],"about":[{"href":"https:\/\/atelierlibre.ovh\/index.php?rest_route=\/wp\/v2\/types\/page"}],"author":[{"embeddable":true,"href":"https:\/\/atelierlibre.ovh\/index.php?rest_route=\/wp\/v2\/users\/1"}],"replies":[{"embeddable":true,"href":"https:\/\/atelierlibre.ovh\/index.php?rest_route=%2Fwp%2Fv2%2Fcomments&post=7"}],"version-history":[{"count":9,"href":"https:\/\/atelierlibre.ovh\/index.php?rest_route=\/wp\/v2\/pages\/7\/revisions"}],"predecessor-version":[{"id":8187,"href":"https:\/\/atelierlibre.ovh\/index.php?rest_route=\/wp\/v2\/pages\/7\/revisions\/8187"}],"wp:attachment":[{"href":"https:\/\/atelierlibre.ovh\/index.php?rest_route=%2Fwp%2Fv2%2Fmedia&parent=7"}],"curies":[{"name":"wp","href":"https:\/\/api.w.org\/{rel}","templated":true}]}}